{"id":2800,"date":"2025-04-16T15:37:47","date_gmt":"2025-04-16T13:37:47","guid":{"rendered":"https:\/\/batonroute.com\/?page_id=2800"},"modified":"2025-12-02T10:28:53","modified_gmt":"2025-12-02T09:28:53","slug":"legal-notice","status":"publish","type":"page","link":"https:\/\/batonroute.com\/en\/legal-notice\/","title":{"rendered":"Legal Notice"},"content":{"rendered":"\t\t<div data-elementor-type=\"wp-page\" data-elementor-id=\"2800\" class=\"elementor elementor-2800 elementor-785\" data-elementor-post-type=\"page\">\n\t\t\t\t<div class=\"elementor-element elementor-element-2e65525 e-flex e-con-boxed e-con e-parent\" data-id=\"2e65525\" data-element_type=\"container\" data-e-type=\"container\">\n\t\t\t\t\t<div class=\"e-con-inner\">\n\t\t\t\t<div class=\"elementor-element elementor-element-74c874d elementor-widget elementor-widget-heading\" data-id=\"74c874d\" data-element_type=\"widget\" data-e-type=\"widget\" data-widget_type=\"heading.default\">\n\t\t\t\t<div class=\"elementor-widget-container\">\n\t\t\t\t\t<h1 class=\"elementor-heading-title elementor-size-default\">Legal Notice<\/h1>\t\t\t\t<\/div>\n\t\t\t\t<\/div>\n\t\t\t\t\t<\/div>\n\t\t\t\t<\/div>\n\t\t<div class=\"elementor-element elementor-element-333683e e-flex e-con-boxed e-con e-parent\" data-id=\"333683e\" data-element_type=\"container\" data-e-type=\"container\">\n\t\t\t\t\t<div class=\"e-con-inner\">\n\t\t\t\t<div class=\"elementor-element elementor-element-24ce432 elementor-widget elementor-widget-text-editor\" data-id=\"24ce432\" data-element_type=\"widget\" data-e-type=\"widget\" data-widget_type=\"text-editor.default\">\n\t\t\t\t<div class=\"elementor-widget-container\">\n\t\t\t\t\t\t\t\t\t<h4>OWNER OF THE WEBSITE<\/h4><p>The following policies have been drafted in order that the user understands and understands the reason why their data is collected and how said data is treated on\u00a0<a href=\"https:\/\/batonroute.com\/\" target=\"_blank\" rel=\"noopener\">www.batonroute.com<\/a>.<\/p><p>NUNSYS S.A., owner of the website\u00a0<a href=\"https:\/\/batonroute.com\/\" target=\"_blank\" rel=\"noopener\">www.batonroute.com<\/a>, hereinafter \u201c<a href=\"https:\/\/batonroute.com\/\" target=\"_blank\" rel=\"noopener\">www.batonroute.com<\/a>\u201d undertakes to comply with all the corresponding legal obligations and specifically with Law 34\/2002, of July 11, on Services of the Information Society and Electronic Commerce.<\/p><p>By virtue of article 10.1 of the aforementioned Law, it mentions the obligation to inform users of the following general information:<\/p><p>Name: NUNSYS, S.A.<br \/>CIF \/ NIF: A97929566<br \/>Address: C \/. Gustave Eiffel, 3<br \/>Population: 46980 Parque Tecnol\u00f3gico-Paterna<br \/>Province: VALENCIA<br \/>Telephone: 902 88 16 26<br \/>Email: info@nunsys.com<br \/>URL: www.nunsys.com<br \/>Mercantile Registry of Valencia, Volume 8732, Book 6019 Folio 32 Section Sheet V- 123647.<\/p><p>The terms that are detailed below imply the full and express acceptance of the privacy policy and cookie policy of the web, so that the user when registering in our social network, commits to the observance and rigorous compliance of the provisions set forth herein, as well as any other legal provision that may be applicable:<\/p>\t\t\t\t\t\t\t\t<\/div>\n\t\t\t\t<\/div>\n\t\t\t\t<div class=\"elementor-element elementor-element-72f994c elementor-widget elementor-widget-n-accordion\" data-id=\"72f994c\" data-element_type=\"widget\" data-e-type=\"widget\" data-settings=\"{&quot;default_state&quot;:&quot;expanded&quot;,&quot;max_items_expended&quot;:&quot;one&quot;,&quot;n_accordion_animation_duration&quot;:{&quot;unit&quot;:&quot;ms&quot;,&quot;size&quot;:400,&quot;sizes&quot;:[]}}\" data-widget_type=\"nested-accordion.default\">\n\t\t\t\t<div class=\"elementor-widget-container\">\n\t\t\t\t\t\t\t<div class=\"e-n-accordion\" aria-label=\"Accordion. Open links with Enter or Space, close with Escape, and navigate with Arrow Keys\">\n\t\t\t\t\t\t<details id=\"e-n-accordion-item-1200\" class=\"e-n-accordion-item\" open>\n\t\t\t\t<summary class=\"e-n-accordion-item-title\" data-accordion-index=\"1\" tabindex=\"0\" aria-expanded=\"true\" aria-controls=\"e-n-accordion-item-1200\" >\n\t\t\t\t\t<span class='e-n-accordion-item-title-header'><div class=\"e-n-accordion-item-title-text\"> CONDITIONS OF ACCESS AND USE OF THE PORTAL <\/div><\/span>\n\t\t\t\t\t\t\t<span class='e-n-accordion-item-title-icon'>\n\t\t\t<span class='e-opened' ><svg aria-hidden=\"true\" class=\"e-font-icon-svg e-fas-chevron-down\" viewBox=\"0 0 448 512\" xmlns=\"http:\/\/www.w3.org\/2000\/svg\"><path d=\"M207.029 381.476L12.686 187.132c-9.373-9.373-9.373-24.569 0-33.941l22.667-22.667c9.357-9.357 24.522-9.375 33.901-.04L224 284.505l154.745-154.021c9.379-9.335 24.544-9.317 33.901.04l22.667 22.667c9.373 9.373 9.373 24.569 0 33.941L240.971 381.476c-9.373 9.372-24.569 9.372-33.942 0z\"><\/path><\/svg><\/span>\n\t\t\t<span class='e-closed'><svg aria-hidden=\"true\" class=\"e-font-icon-svg e-fas-chevron-right\" viewBox=\"0 0 320 512\" xmlns=\"http:\/\/www.w3.org\/2000\/svg\"><path d=\"M285.476 272.971L91.132 467.314c-9.373 9.373-24.569 9.373-33.941 0l-22.667-22.667c-9.357-9.357-9.375-24.522-.04-33.901L188.505 256 34.484 101.255c-9.335-9.379-9.317-24.544.04-33.901l22.667-22.667c9.373-9.373 24.569-9.373 33.941 0L285.475 239.03c9.373 9.372 9.373 24.568.001 33.941z\"><\/path><\/svg><\/span>\n\t\t<\/span>\n\n\t\t\t\t\t\t<\/summary>\n\t\t\t\t<div role=\"region\" aria-labelledby=\"e-n-accordion-item-1200\" class=\"elementor-element elementor-element-df41391 e-con-full e-flex e-con e-child\" data-id=\"df41391\" data-element_type=\"container\" data-e-type=\"container\">\n\t\t\t\t<div class=\"elementor-element elementor-element-ca374ac elementor-widget elementor-widget-text-editor\" data-id=\"ca374ac\" data-element_type=\"widget\" data-e-type=\"widget\" data-widget_type=\"text-editor.default\">\n\t\t\t\t<div class=\"elementor-widget-container\">\n\t\t\t\t\t\t\t\t\t<p>Correct use of the portal and its services must be made.<\/p><p>All those people who access this website are obliged to use it in accordance with good faith, the law and the obligations contained in this legal notice, the Particular conditions of certain services and other instructions that NUNSYS SL, consider necessary for the good use of the portal.<\/p><p>Access to the NUNSYS S.A. website for illicit or harmful purposes that directly or indirectly affect NUNSYS S.A., or third parties, is totally prohibited. Therefore, the User undertakes to use the contents of the portal in a diligent, correct and lawful manner and undertakes to refrain from:<\/p><ol><li>Use the contents for purposes or effects contrary to the law, morals and good customs or public order.<\/li><li>Reproduce, copy, distribute, allow public access through any form of public communication, transform or modify the contents, unless you have the corresponding authorization from the owner.<\/li><li>Use the contents of the portal to send advertising, communications for direct sales purposes or for any other kind of commercial purpose, unsolicited messages addressed to a plurality of people regardless of their purpose, as well as to refrain from marketing or disclosing in any way such information.<\/li><\/ol>\t\t\t\t\t\t\t\t<\/div>\n\t\t\t\t<\/div>\n\t\t\t\t<\/div>\n\t\t\t\t\t<\/details>\n\t\t\t\t\t\t<details id=\"e-n-accordion-item-1201\" class=\"e-n-accordion-item\" >\n\t\t\t\t<summary class=\"e-n-accordion-item-title\" data-accordion-index=\"2\" tabindex=\"-1\" aria-expanded=\"false\" aria-controls=\"e-n-accordion-item-1201\" >\n\t\t\t\t\t<span class='e-n-accordion-item-title-header'><div class=\"e-n-accordion-item-title-text\"> THIRD PARTY CONTENT <\/div><\/span>\n\t\t\t\t\t\t\t<span class='e-n-accordion-item-title-icon'>\n\t\t\t<span class='e-opened' ><svg aria-hidden=\"true\" class=\"e-font-icon-svg e-fas-chevron-down\" viewBox=\"0 0 448 512\" xmlns=\"http:\/\/www.w3.org\/2000\/svg\"><path d=\"M207.029 381.476L12.686 187.132c-9.373-9.373-9.373-24.569 0-33.941l22.667-22.667c9.357-9.357 24.522-9.375 33.901-.04L224 284.505l154.745-154.021c9.379-9.335 24.544-9.317 33.901.04l22.667 22.667c9.373 9.373 9.373 24.569 0 33.941L240.971 381.476c-9.373 9.372-24.569 9.372-33.942 0z\"><\/path><\/svg><\/span>\n\t\t\t<span class='e-closed'><svg aria-hidden=\"true\" class=\"e-font-icon-svg e-fas-chevron-right\" viewBox=\"0 0 320 512\" xmlns=\"http:\/\/www.w3.org\/2000\/svg\"><path d=\"M285.476 272.971L91.132 467.314c-9.373 9.373-24.569 9.373-33.941 0l-22.667-22.667c-9.357-9.357-9.375-24.522-.04-33.901L188.505 256 34.484 101.255c-9.335-9.379-9.317-24.544.04-33.901l22.667-22.667c9.373-9.373 24.569-9.373 33.941 0L285.475 239.03c9.373 9.372 9.373 24.568.001 33.941z\"><\/path><\/svg><\/span>\n\t\t<\/span>\n\n\t\t\t\t\t\t<\/summary>\n\t\t\t\t<div role=\"region\" aria-labelledby=\"e-n-accordion-item-1201\" class=\"elementor-element elementor-element-2bbf54c e-con-full e-flex e-con e-child\" data-id=\"2bbf54c\" data-element_type=\"container\" data-e-type=\"container\">\n\t\t\t\t<div class=\"elementor-element elementor-element-aeea8fb elementor-widget elementor-widget-text-editor\" data-id=\"aeea8fb\" data-element_type=\"widget\" data-e-type=\"widget\" data-widget_type=\"text-editor.default\">\n\t\t\t\t<div class=\"elementor-widget-container\">\n\t\t\t\t\t\t\t\t\t<p>Due to the nature of the website, users can share comments, links, links or any similar technology that redirects to third-party pages, in which there may be advertisements and promotions. The owner is not the owner of these linked sites, consequently, we are not responsible for the content displayed on them, or for the services they have, so you understand that when clicking on said links, you do so on your own. account and risk.<\/p><p>Likewise, I am not responsible for the opinions or comments made by different users on the web.<\/p>\t\t\t\t\t\t\t\t<\/div>\n\t\t\t\t<\/div>\n\t\t\t\t<\/div>\n\t\t\t\t\t<\/details>\n\t\t\t\t\t\t<details id=\"e-n-accordion-item-1202\" class=\"e-n-accordion-item\" >\n\t\t\t\t<summary class=\"e-n-accordion-item-title\" data-accordion-index=\"3\" tabindex=\"-1\" aria-expanded=\"false\" aria-controls=\"e-n-accordion-item-1202\" >\n\t\t\t\t\t<span class='e-n-accordion-item-title-header'><div class=\"e-n-accordion-item-title-text\"> USE OF LINKS <\/div><\/span>\n\t\t\t\t\t\t\t<span class='e-n-accordion-item-title-icon'>\n\t\t\t<span class='e-opened' ><svg aria-hidden=\"true\" class=\"e-font-icon-svg e-fas-chevron-down\" viewBox=\"0 0 448 512\" xmlns=\"http:\/\/www.w3.org\/2000\/svg\"><path d=\"M207.029 381.476L12.686 187.132c-9.373-9.373-9.373-24.569 0-33.941l22.667-22.667c9.357-9.357 24.522-9.375 33.901-.04L224 284.505l154.745-154.021c9.379-9.335 24.544-9.317 33.901.04l22.667 22.667c9.373 9.373 9.373 24.569 0 33.941L240.971 381.476c-9.373 9.372-24.569 9.372-33.942 0z\"><\/path><\/svg><\/span>\n\t\t\t<span class='e-closed'><svg aria-hidden=\"true\" class=\"e-font-icon-svg e-fas-chevron-right\" viewBox=\"0 0 320 512\" xmlns=\"http:\/\/www.w3.org\/2000\/svg\"><path d=\"M285.476 272.971L91.132 467.314c-9.373 9.373-24.569 9.373-33.941 0l-22.667-22.667c-9.357-9.357-9.375-24.522-.04-33.901L188.505 256 34.484 101.255c-9.335-9.379-9.317-24.544.04-33.901l22.667-22.667c9.373-9.373 24.569-9.373 33.941 0L285.475 239.03c9.373 9.372 9.373 24.568.001 33.941z\"><\/path><\/svg><\/span>\n\t\t<\/span>\n\n\t\t\t\t\t\t<\/summary>\n\t\t\t\t<div role=\"region\" aria-labelledby=\"e-n-accordion-item-1202\" class=\"elementor-element elementor-element-429bc6a e-con-full e-flex e-con e-child\" data-id=\"429bc6a\" data-element_type=\"container\" data-e-type=\"container\">\n\t\t\t\t<div class=\"elementor-element elementor-element-2342c28 elementor-widget elementor-widget-text-editor\" data-id=\"2342c28\" data-element_type=\"widget\" data-e-type=\"widget\" data-widget_type=\"text-editor.default\">\n\t\t\t\t<div class=\"elementor-widget-container\">\n\t\t\t\t\t\t\t\t\t<p>The use of links is strictly FORBIDDEN, understood as: links, embedded codes, framing or any similar link that leads the user to content hosted on a domain other than this website and violates current legislation. This website is not responsible for said links and disclaims all responsibility for the content provided on other linked pages on this website.<\/p>\t\t\t\t\t\t\t\t<\/div>\n\t\t\t\t<\/div>\n\t\t\t\t<\/div>\n\t\t\t\t\t<\/details>\n\t\t\t\t\t\t<details id=\"e-n-accordion-item-1203\" class=\"e-n-accordion-item\" >\n\t\t\t\t<summary class=\"e-n-accordion-item-title\" data-accordion-index=\"4\" tabindex=\"-1\" aria-expanded=\"false\" aria-controls=\"e-n-accordion-item-1203\" >\n\t\t\t\t\t<span class='e-n-accordion-item-title-header'><div class=\"e-n-accordion-item-title-text\"> DISCLAIMER <\/div><\/span>\n\t\t\t\t\t\t\t<span class='e-n-accordion-item-title-icon'>\n\t\t\t<span class='e-opened' ><svg aria-hidden=\"true\" class=\"e-font-icon-svg e-fas-chevron-down\" viewBox=\"0 0 448 512\" xmlns=\"http:\/\/www.w3.org\/2000\/svg\"><path d=\"M207.029 381.476L12.686 187.132c-9.373-9.373-9.373-24.569 0-33.941l22.667-22.667c9.357-9.357 24.522-9.375 33.901-.04L224 284.505l154.745-154.021c9.379-9.335 24.544-9.317 33.901.04l22.667 22.667c9.373 9.373 9.373 24.569 0 33.941L240.971 381.476c-9.373 9.372-24.569 9.372-33.942 0z\"><\/path><\/svg><\/span>\n\t\t\t<span class='e-closed'><svg aria-hidden=\"true\" class=\"e-font-icon-svg e-fas-chevron-right\" viewBox=\"0 0 320 512\" xmlns=\"http:\/\/www.w3.org\/2000\/svg\"><path d=\"M285.476 272.971L91.132 467.314c-9.373 9.373-24.569 9.373-33.941 0l-22.667-22.667c-9.357-9.357-9.375-24.522-.04-33.901L188.505 256 34.484 101.255c-9.335-9.379-9.317-24.544.04-33.901l22.667-22.667c9.373-9.373 24.569-9.373 33.941 0L285.475 239.03c9.373 9.372 9.373 24.568.001 33.941z\"><\/path><\/svg><\/span>\n\t\t<\/span>\n\n\t\t\t\t\t\t<\/summary>\n\t\t\t\t<div role=\"region\" aria-labelledby=\"e-n-accordion-item-1203\" class=\"elementor-element elementor-element-df15b66 e-con-full e-flex e-con e-child\" data-id=\"df15b66\" data-element_type=\"container\" data-e-type=\"container\">\n\t\t\t\t<div class=\"elementor-element elementor-element-0c31128 elementor-widget elementor-widget-text-editor\" data-id=\"0c31128\" data-element_type=\"widget\" data-e-type=\"widget\" data-widget_type=\"text-editor.default\">\n\t\t\t\t<div class=\"elementor-widget-container\">\n\t\t\t\t\t\t\t\t\t<p>NUNSYS S.A. will not be responsible for damages of any kind that may be due to the information contained on its website. Likewise, it will not be responsible for damages of any kind that may be due to the existence of viruses in the computer system or users\u2019 files. Similarly, due to the presence of viruses in the services provided by third parties through the Web, causing alterations in the computer system. The people who use this website must assume all the risks of use and exempt NUNSYS S.A. from liability, from any and all damages, responsibilities, losses, costs and expenses that arise from or are related to the use of information on this page Web. The user specifically acknowledges and accepts that NUNSYS S.A, is not responsible for any conduct of any other user.<\/p>\t\t\t\t\t\t\t\t<\/div>\n\t\t\t\t<\/div>\n\t\t\t\t<\/div>\n\t\t\t\t\t<\/details>\n\t\t\t\t\t\t<details id=\"e-n-accordion-item-1204\" class=\"e-n-accordion-item\" >\n\t\t\t\t<summary class=\"e-n-accordion-item-title\" data-accordion-index=\"5\" tabindex=\"-1\" aria-expanded=\"false\" aria-controls=\"e-n-accordion-item-1204\" >\n\t\t\t\t\t<span class='e-n-accordion-item-title-header'><div class=\"e-n-accordion-item-title-text\"> APPLICABLE LAW AND JURISDICTION <\/div><\/span>\n\t\t\t\t\t\t\t<span class='e-n-accordion-item-title-icon'>\n\t\t\t<span class='e-opened' ><svg aria-hidden=\"true\" class=\"e-font-icon-svg e-fas-chevron-down\" viewBox=\"0 0 448 512\" xmlns=\"http:\/\/www.w3.org\/2000\/svg\"><path d=\"M207.029 381.476L12.686 187.132c-9.373-9.373-9.373-24.569 0-33.941l22.667-22.667c9.357-9.357 24.522-9.375 33.901-.04L224 284.505l154.745-154.021c9.379-9.335 24.544-9.317 33.901.04l22.667 22.667c9.373 9.373 9.373 24.569 0 33.941L240.971 381.476c-9.373 9.372-24.569 9.372-33.942 0z\"><\/path><\/svg><\/span>\n\t\t\t<span class='e-closed'><svg aria-hidden=\"true\" class=\"e-font-icon-svg e-fas-chevron-right\" viewBox=\"0 0 320 512\" xmlns=\"http:\/\/www.w3.org\/2000\/svg\"><path d=\"M285.476 272.971L91.132 467.314c-9.373 9.373-24.569 9.373-33.941 0l-22.667-22.667c-9.357-9.357-9.375-24.522-.04-33.901L188.505 256 34.484 101.255c-9.335-9.379-9.317-24.544.04-33.901l22.667-22.667c9.373-9.373 24.569-9.373 33.941 0L285.475 239.03c9.373 9.372 9.373 24.568.001 33.941z\"><\/path><\/svg><\/span>\n\t\t<\/span>\n\n\t\t\t\t\t\t<\/summary>\n\t\t\t\t<div role=\"region\" aria-labelledby=\"e-n-accordion-item-1204\" class=\"elementor-element elementor-element-a43357f e-con-full e-flex e-con e-child\" data-id=\"a43357f\" data-element_type=\"container\" data-e-type=\"container\">\n\t\t\t\t<div class=\"elementor-element elementor-element-016c5df elementor-widget elementor-widget-text-editor\" data-id=\"016c5df\" data-element_type=\"widget\" data-e-type=\"widget\" data-widget_type=\"text-editor.default\">\n\t\t\t\t<div class=\"elementor-widget-container\">\n\t\t\t\t\t\t\t\t\t<p>For the resolution of all controversies or issues related to this website or the activities carried out therein, Spanish legislation will be applied, to which the parties expressly submit, being competent to resolve all derivative conflicts or related to its use the Courts and Tribunals of Madrid (Spain)<\/p>\t\t\t\t\t\t\t\t<\/div>\n\t\t\t\t<\/div>\n\t\t\t\t<\/div>\n\t\t\t\t\t<\/details>\n\t\t\t\t\t<\/div>\n\t\t\t\t\t\t<\/div>\n\t\t\t\t<\/div>\n\t\t\t\t\t<\/div>\n\t\t\t\t<\/div>\n\t\t\t\t<\/div>\n\t\t","protected":false},"excerpt":{"rendered":"<p>Legal Notice OWNER OF THE WEBSITE The following policies have been drafted in order that the user understands and understands the reason why their data is collected and how said data is treated on\u00a0www.batonroute.com. NUNSYS S.A., owner of the website\u00a0www.batonroute.com, hereinafter \u201cwww.batonroute.com\u201d undertakes to comply with all the corresponding legal obligations and specifically with Law [&hellip;]<\/p>\n","protected":false},"author":4,"featured_media":0,"parent":0,"menu_order":0,"comment_status":"closed","ping_status":"closed","template":"","meta":{"footnotes":""},"class_list":["post-2800","page","type-page","status-publish","hentry"],"yoast_head":"<!-- This site is optimized with the Yoast SEO plugin v27.2 - https:\/\/yoast.com\/product\/yoast-seo-wordpress\/ -->\n<title>Legal Notice - BatOnRoute<\/title>\n<meta name=\"robots\" content=\"index, follow, max-snippet:-1, max-image-preview:large, max-video-preview:-1\" \/>\n<link rel=\"canonical\" href=\"https:\/\/batonroute.com\/en\/legal-notice\/\" \/>\n<meta property=\"og:locale\" content=\"en_US\" \/>\n<meta property=\"og:type\" content=\"article\" \/>\n<meta property=\"og:title\" content=\"Legal Notice - BatOnRoute\" \/>\n<meta property=\"og:description\" content=\"Legal Notice OWNER OF THE WEBSITE The following policies have been drafted in order that the user understands and understands the reason why their data is collected and how said data is treated on\u00a0www.batonroute.com. NUNSYS S.A., owner of the website\u00a0www.batonroute.com, hereinafter \u201cwww.batonroute.com\u201d undertakes to comply with all the corresponding legal obligations and specifically with Law [&hellip;]\" \/>\n<meta property=\"og:url\" content=\"https:\/\/batonroute.com\/en\/legal-notice\/\" \/>\n<meta property=\"og:site_name\" content=\"BatOnRoute\" \/>\n<meta property=\"article:modified_time\" content=\"2025-12-02T09:28:53+00:00\" \/>\n<meta property=\"og:image\" content=\"https:\/\/batonroute.com\/wp-content\/uploads\/2025\/05\/batonroute-yoast.jpg\" \/>\n\t<meta property=\"og:image:width\" content=\"1200\" \/>\n\t<meta property=\"og:image:height\" content=\"675\" \/>\n\t<meta property=\"og:image:type\" content=\"image\/jpeg\" \/>\n<meta name=\"twitter:card\" content=\"summary_large_image\" \/>\n<meta name=\"twitter:label1\" content=\"Est. reading time\" \/>\n\t<meta name=\"twitter:data1\" content=\"6 minutes\" \/>\n<script type=\"application\/ld+json\" class=\"yoast-schema-graph\">{\"@context\":\"https:\/\/schema.org\",\"@graph\":[{\"@type\":\"WebPage\",\"@id\":\"https:\/\/batonroute.com\/en\/legal-notice\/\",\"url\":\"https:\/\/batonroute.com\/en\/legal-notice\/\",\"name\":\"Legal Notice - BatOnRoute\",\"isPartOf\":{\"@id\":\"https:\/\/batonroute.com\/en\/#website\"},\"datePublished\":\"2025-04-16T13:37:47+00:00\",\"dateModified\":\"2025-12-02T09:28:53+00:00\",\"breadcrumb\":{\"@id\":\"https:\/\/batonroute.com\/en\/legal-notice\/#breadcrumb\"},\"inLanguage\":\"en-US\",\"potentialAction\":[{\"@type\":\"ReadAction\",\"target\":[\"https:\/\/batonroute.com\/en\/legal-notice\/\"]}]},{\"@type\":\"BreadcrumbList\",\"@id\":\"https:\/\/batonroute.com\/en\/legal-notice\/#breadcrumb\",\"itemListElement\":[{\"@type\":\"ListItem\",\"position\":1,\"name\":\"Portada\",\"item\":\"https:\/\/batonroute.com\/en\/\"},{\"@type\":\"ListItem\",\"position\":2,\"name\":\"Legal Notice\"}]},{\"@type\":\"WebSite\",\"@id\":\"https:\/\/batonroute.com\/en\/#website\",\"url\":\"https:\/\/batonroute.com\/en\/\",\"name\":\"BatOnRoute\",\"description\":\"Gesti\u00f3n de Rutas realizadas en Autob\u00fas, Pedib\u00fas, Furgonetas, Bicicletas...\",\"publisher\":{\"@id\":\"https:\/\/batonroute.com\/en\/#organization\"},\"potentialAction\":[{\"@type\":\"SearchAction\",\"target\":{\"@type\":\"EntryPoint\",\"urlTemplate\":\"https:\/\/batonroute.com\/en\/?s={search_term_string}\"},\"query-input\":{\"@type\":\"PropertyValueSpecification\",\"valueRequired\":true,\"valueName\":\"search_term_string\"}}],\"inLanguage\":\"en-US\"},{\"@type\":\"Organization\",\"@id\":\"https:\/\/batonroute.com\/en\/#organization\",\"name\":\"BatOnRoute\",\"url\":\"https:\/\/batonroute.com\/en\/\",\"logo\":{\"@type\":\"ImageObject\",\"inLanguage\":\"en-US\",\"@id\":\"https:\/\/batonroute.com\/en\/#\/schema\/logo\/image\/\",\"url\":\"https:\/\/batonroute.com\/wp-content\/uploads\/2025\/04\/logo-batonroute.svg\",\"contentUrl\":\"https:\/\/batonroute.com\/wp-content\/uploads\/2025\/04\/logo-batonroute.svg\",\"width\":144,\"height\":30,\"caption\":\"BatOnRoute\"},\"image\":{\"@id\":\"https:\/\/batonroute.com\/en\/#\/schema\/logo\/image\/\"},\"sameAs\":[\"https:\/\/www.linkedin.com\/company\/batonroute\/\"]}]}<\/script>\n<!-- \/ Yoast SEO plugin. -->","yoast_head_json":{"title":"Legal Notice - BatOnRoute","robots":{"index":"index","follow":"follow","max-snippet":"max-snippet:-1","max-image-preview":"max-image-preview:large","max-video-preview":"max-video-preview:-1"},"canonical":"https:\/\/batonroute.com\/en\/legal-notice\/","og_locale":"en_US","og_type":"article","og_title":"Legal Notice - BatOnRoute","og_description":"Legal Notice OWNER OF THE WEBSITE The following policies have been drafted in order that the user understands and understands the reason why their data is collected and how said data is treated on\u00a0www.batonroute.com. NUNSYS S.A., owner of the website\u00a0www.batonroute.com, hereinafter \u201cwww.batonroute.com\u201d undertakes to comply with all the corresponding legal obligations and specifically with Law [&hellip;]","og_url":"https:\/\/batonroute.com\/en\/legal-notice\/","og_site_name":"BatOnRoute","article_modified_time":"2025-12-02T09:28:53+00:00","og_image":[{"width":1200,"height":675,"url":"https:\/\/batonroute.com\/wp-content\/uploads\/2025\/05\/batonroute-yoast.jpg","type":"image\/jpeg"}],"twitter_card":"summary_large_image","twitter_misc":{"Est. reading time":"6 minutes"},"schema":{"@context":"https:\/\/schema.org","@graph":[{"@type":"WebPage","@id":"https:\/\/batonroute.com\/en\/legal-notice\/","url":"https:\/\/batonroute.com\/en\/legal-notice\/","name":"Legal Notice - BatOnRoute","isPartOf":{"@id":"https:\/\/batonroute.com\/en\/#website"},"datePublished":"2025-04-16T13:37:47+00:00","dateModified":"2025-12-02T09:28:53+00:00","breadcrumb":{"@id":"https:\/\/batonroute.com\/en\/legal-notice\/#breadcrumb"},"inLanguage":"en-US","potentialAction":[{"@type":"ReadAction","target":["https:\/\/batonroute.com\/en\/legal-notice\/"]}]},{"@type":"BreadcrumbList","@id":"https:\/\/batonroute.com\/en\/legal-notice\/#breadcrumb","itemListElement":[{"@type":"ListItem","position":1,"name":"Portada","item":"https:\/\/batonroute.com\/en\/"},{"@type":"ListItem","position":2,"name":"Legal Notice"}]},{"@type":"WebSite","@id":"https:\/\/batonroute.com\/en\/#website","url":"https:\/\/batonroute.com\/en\/","name":"BatOnRoute","description":"Gesti\u00f3n de Rutas realizadas en Autob\u00fas, Pedib\u00fas, Furgonetas, Bicicletas...","publisher":{"@id":"https:\/\/batonroute.com\/en\/#organization"},"potentialAction":[{"@type":"SearchAction","target":{"@type":"EntryPoint","urlTemplate":"https:\/\/batonroute.com\/en\/?s={search_term_string}"},"query-input":{"@type":"PropertyValueSpecification","valueRequired":true,"valueName":"search_term_string"}}],"inLanguage":"en-US"},{"@type":"Organization","@id":"https:\/\/batonroute.com\/en\/#organization","name":"BatOnRoute","url":"https:\/\/batonroute.com\/en\/","logo":{"@type":"ImageObject","inLanguage":"en-US","@id":"https:\/\/batonroute.com\/en\/#\/schema\/logo\/image\/","url":"https:\/\/batonroute.com\/wp-content\/uploads\/2025\/04\/logo-batonroute.svg","contentUrl":"https:\/\/batonroute.com\/wp-content\/uploads\/2025\/04\/logo-batonroute.svg","width":144,"height":30,"caption":"BatOnRoute"},"image":{"@id":"https:\/\/batonroute.com\/en\/#\/schema\/logo\/image\/"},"sameAs":["https:\/\/www.linkedin.com\/company\/batonroute\/"]}]}},"_links":{"self":[{"href":"https:\/\/batonroute.com\/en\/wp-json\/wp\/v2\/pages\/2800","targetHints":{"allow":["GET"]}}],"collection":[{"href":"https:\/\/batonroute.com\/en\/wp-json\/wp\/v2\/pages"}],"about":[{"href":"https:\/\/batonroute.com\/en\/wp-json\/wp\/v2\/types\/page"}],"author":[{"embeddable":true,"href":"https:\/\/batonroute.com\/en\/wp-json\/wp\/v2\/users\/4"}],"replies":[{"embeddable":true,"href":"https:\/\/batonroute.com\/en\/wp-json\/wp\/v2\/comments?post=2800"}],"version-history":[{"count":0,"href":"https:\/\/batonroute.com\/en\/wp-json\/wp\/v2\/pages\/2800\/revisions"}],"wp:attachment":[{"href":"https:\/\/batonroute.com\/en\/wp-json\/wp\/v2\/media?parent=2800"}],"curies":[{"name":"wp","href":"https:\/\/api.w.org\/{rel}","templated":true}]}}